{"id":161,"date":"2021-09-03T23:48:24","date_gmt":"2021-09-03T23:48:24","guid":{"rendered":"http:\/\/laplaza.webcantabria.com\/?page_id=161"},"modified":"2022-03-01T11:45:04","modified_gmt":"2022-03-01T10:45:04","slug":"sala-multiusos","status":"publish","type":"page","link":"http:\/\/espaciolaplaza.es\/index.php\/sala-multiusos\/","title":{"rendered":"Sala Multiusos"},"content":{"rendered":"\t\t<div data-elementor-type=\"wp-page\" data-elementor-id=\"161\" class=\"elementor elementor-161\" data-elementor-post-type=\"page\">\n\t\t\t\t\t\t\t\t\t<section class=\"elementor-section elementor-top-section elementor-element elementor-element-8927db0 elementor-section-full_width elementor-section-height-min-height elementor-section-stretched elementor-section-height-default elementor-section-items-middle\" data-id=\"8927db0\" data-element_type=\"section\" data-settings=\"{&quot;stretch_section&quot;:&quot;section-stretched&quot;,&quot;background_background&quot;:&quot;classic&quot;}\">\n\t\t\t\t\t\t<div class=\"elementor-container elementor-column-gap-default\">\n\t\t\t\t\t<div class=\"elementor-column elementor-col-100 elementor-top-column elementor-element elementor-element-7ad84dd\" data-id=\"7ad84dd\" data-element_type=\"column\">\n\t\t\t<div class=\"elementor-widget-wrap\">\n\t\t\t\t\t\t\t\t\t<\/div>\n\t\t<\/div>\n\t\t\t\t\t\t\t<\/div>\n\t\t<\/section>\n\t\t\t\t<section class=\"elementor-section elementor-top-section elementor-element elementor-element-7952ebf elementor-section-boxed elementor-section-height-default elementor-section-height-default\" data-id=\"7952ebf\" data-element_type=\"section\">\n\t\t\t\t\t\t<div class=\"elementor-container elementor-column-gap-default\">\n\t\t\t\t\t<div class=\"elementor-column elementor-col-100 elementor-top-column elementor-element elementor-element-4bca19a\" data-id=\"4bca19a\" data-element_type=\"column\">\n\t\t\t<div class=\"elementor-widget-wrap elementor-element-populated\">\n\t\t\t\t\t\t\t\t<div class=\"elementor-element elementor-element-a3878b2 elementor-widget elementor-widget-bdt-animated-heading\" data-id=\"a3878b2\" data-element_type=\"widget\" data-widget_type=\"bdt-animated-heading.default\">\n\t\t\t\t<div class=\"elementor-widget-container\">\n\t\t\t<div id =\"bdtah-a3878b2\" class=\"bdt-heading\"><h2 class=\"bdt-heading-tag\" style=\"opacity: 0;\"><div class=\"bdt-pre-heading\">Sala Multiusos: <\/div> <div id=\"bdt-ah-a3878b2\" class=\"bdt-animated-heading\" data-settings=\"{&quot;layout&quot;:&quot;typed&quot;,&quot;strings&quot;:[&quot;Charlas&quot;,&quot;Conferencias&quot;,&quot;Actuaciones&quot;,&quot;Conciertos&quot;],&quot;typeSpeed&quot;:80,&quot;startDelay&quot;:1,&quot;backSpeed&quot;:30,&quot;backDelay&quot;:500,&quot;loop&quot;:true}\"><\/div> <\/h2><\/div>\t\t<\/div>\n\t\t\t\t<\/div>\n\t\t\t\t\t<\/div>\n\t\t<\/div>\n\t\t\t\t\t\t\t<\/div>\n\t\t<\/section>\n\t\t\t\t<section class=\"elementor-section elementor-top-section elementor-element elementor-element-1fb9316 elementor-section-boxed elementor-section-height-default elementor-section-height-default\" data-id=\"1fb9316\" data-element_type=\"section\">\n\t\t\t\t\t\t<div class=\"elementor-container elementor-column-gap-default\">\n\t\t\t\t\t<div class=\"elementor-column elementor-col-50 elementor-top-column elementor-element elementor-element-67307c6\" data-id=\"67307c6\" data-element_type=\"column\">\n\t\t\t<div class=\"elementor-widget-wrap elementor-element-populated\">\n\t\t\t\t\t\t\t\t<div class=\"elementor-element elementor-element-2bf17ed elementor-widget elementor-widget-text-editor\" data-id=\"2bf17ed\" data-element_type=\"widget\" data-widget_type=\"text-editor.default\">\n\t\t\t\t<div class=\"elementor-widget-container\">\n\t\t\t<style>\/*! elementor - v3.15.0 - 09-08-2023 *\/\n.elementor-widget-text-editor.elementor-drop-cap-view-stacked .elementor-drop-cap{background-color:#69727d;color:#fff}.elementor-widget-text-editor.elementor-drop-cap-view-framed .elementor-drop-cap{color:#69727d;border:3px solid;background-color:transparent}.elementor-widget-text-editor:not(.elementor-drop-cap-view-default) .elementor-drop-cap{margin-top:8px}.elementor-widget-text-editor:not(.elementor-drop-cap-view-default) .elementor-drop-cap-letter{width:1em;height:1em}.elementor-widget-text-editor .elementor-drop-cap{float:left;text-align:center;line-height:1;font-size:50px}.elementor-widget-text-editor .elementor-drop-cap-letter{display:inline-block}<\/style>\t\t\t\t<p class=\"p1\"><span class=\"s1\">La sala multiusos es un espacio di\u00e1fano de 122,17 m\u00b2. Con una aforo de hasta 70 personas sentadas.<\/span><\/p><p class=\"p1\"><span class=\"s1\">Un espacio destinado a la celebraci\u00f3n de multitud de actividades: Charlas, conferencias o sesiones de narraci\u00f3n y presentaci\u00f3n de obras literarias, pero tambi\u00e9n actuaciones de peque\u00f1o formato, peque\u00f1os conciertos, <a href=\"http:\/\/espaciodanostiempo.org\/actividades\/\">actividades <\/a>culturales de diversa \u00edndole dentro de nuestra programaci\u00f3n anual, etc.<\/span><\/p><p class=\"p1\"><span class=\"s1\">Un espacio totalmente c\u00f3modo y con todo lo necesario para desarrollar un proyecto cultural. Es id\u00f3neo para aquellos artistas que necesitan temporalmente un espacio<span class=\"Apple-converted-space\">\u00a0 <\/span>para realizar sus eventos. <\/span><\/p><p class=\"p1\"><span class=\"s1\">Dotado de un escenario en el que desarrollar cualquier evento y con un equipo inform\u00e1tico capaz de desarrollar diferentes necesidades: <\/span><\/p><ul><li class=\"p1\"><span class=\"s1\">Proyecci\u00f3n de video\/PC <br \/><\/span><\/li><li class=\"p1\"><span class=\"s1\">Conferencias habladas (foto sala multiusos)<br \/><\/span><\/li><li class=\"p1\">Emisi\u00f3n en streaming (YouTube, Twitch, Facebook,etc\u2026)<\/li><li class=\"p1\">Videoconferencias<\/li><\/ul><p>Actualmente alberga el trabajo de la Escuela de Teatro El Tejo Producciones.<\/p>\t\t\t\t\t\t<\/div>\n\t\t\t\t<\/div>\n\t\t\t\t\t<\/div>\n\t\t<\/div>\n\t\t\t\t<div class=\"elementor-column elementor-col-50 elementor-top-column elementor-element elementor-element-2969234\" data-id=\"2969234\" data-element_type=\"column\">\n\t\t\t<div class=\"elementor-widget-wrap elementor-element-populated\">\n\t\t\t\t\t\t\t\t<div class=\"elementor-element elementor-element-a8736e0 elementor-widget elementor-widget-gallery\" data-id=\"a8736e0\" data-element_type=\"widget\" data-settings=\"{&quot;columns&quot;:2,&quot;lazyload&quot;:&quot;yes&quot;,&quot;gallery_layout&quot;:&quot;grid&quot;,&quot;columns_tablet&quot;:2,&quot;columns_mobile&quot;:1,&quot;gap&quot;:{&quot;unit&quot;:&quot;px&quot;,&quot;size&quot;:10,&quot;sizes&quot;:[]},&quot;gap_tablet&quot;:{&quot;unit&quot;:&quot;px&quot;,&quot;size&quot;:10,&quot;sizes&quot;:[]},&quot;gap_mobile&quot;:{&quot;unit&quot;:&quot;px&quot;,&quot;size&quot;:10,&quot;sizes&quot;:[]},&quot;link_to&quot;:&quot;file&quot;,&quot;aspect_ratio&quot;:&quot;3:2&quot;,&quot;overlay_background&quot;:&quot;yes&quot;,&quot;content_hover_animation&quot;:&quot;fade-in&quot;}\" data-widget_type=\"gallery.default\">\n\t\t\t\t<div class=\"elementor-widget-container\">\n\t\t\t<style>\/*! elementor-pro - v3.14.0 - 26-06-2023 *\/\n.elementor-gallery__container{min-height:1px}.elementor-gallery-item{position:relative;overflow:hidden;display:block;text-decoration:none;border:solid var(--image-border-width) var(--image-border-color);border-radius:var(--image-border-radius)}.elementor-gallery-item__content,.elementor-gallery-item__overlay{height:100%;width:100%;position:absolute;top:0;left:0}.elementor-gallery-item__overlay{mix-blend-mode:var(--overlay-mix-blend-mode);transition-duration:var(--overlay-transition-duration);transition-property:mix-blend-mode,transform,opacity,background-color}.elementor-gallery-item__image.e-gallery-image{transition-duration:var(--image-transition-duration);transition-property:filter,transform}.elementor-gallery-item__content{display:flex;flex-direction:column;justify-content:var(--content-justify-content,center);align-items:center;text-align:var(--content-text-align);padding:var(--content-padding)}.elementor-gallery-item__content>div{transition-duration:var(--content-transition-duration)}.elementor-gallery-item__content.elementor-gallery--sequenced-animation>div:nth-child(2){transition-delay:calc(var(--content-transition-delay) \/ 3)}.elementor-gallery-item__content.elementor-gallery--sequenced-animation>div:nth-child(3){transition-delay:calc(var(--content-transition-delay) \/ 3 * 2)}.elementor-gallery-item__content.elementor-gallery--sequenced-animation>div:nth-child(4){transition-delay:calc(var(--content-transition-delay) \/ 3 * 3)}.elementor-gallery-item__description{color:var(--description-text-color,#fff);width:100%}.elementor-gallery-item__title{color:var(--title-text-color,#fff);font-weight:700;width:100%}.elementor-gallery__titles-container{display:flex;flex-wrap:wrap;justify-content:var(--titles-container-justify-content,center);margin-bottom:20px}.elementor-gallery__titles-container:not(.e--pointer-framed) .elementor-item:after,.elementor-gallery__titles-container:not(.e--pointer-framed) .elementor-item:before{background-color:var(--galleries-pointer-bg-color-hover)}.elementor-gallery__titles-container:not(.e--pointer-framed) .elementor-item.elementor-item-active:after,.elementor-gallery__titles-container:not(.e--pointer-framed) .elementor-item.elementor-item-active:before{background-color:var(--galleries-pointer-bg-color-active)}.elementor-gallery__titles-container.e--pointer-framed .elementor-item:before{border-color:var(--galleries-pointer-bg-color-hover);border-width:var(--galleries-pointer-border-width)}.elementor-gallery__titles-container.e--pointer-framed .elementor-item:after{border-color:var(--galleries-pointer-bg-color-hover)}.elementor-gallery__titles-container.e--pointer-framed .elementor-item.elementor-item-active:after,.elementor-gallery__titles-container.e--pointer-framed .elementor-item.elementor-item-active:before{border-color:var(--galleries-pointer-bg-color-active)}.elementor-gallery__titles-container.e--pointer-framed.e--animation-draw .elementor-item:before{border-left-width:var(--galleries-pointer-border-width);border-bottom-width:var(--galleries-pointer-border-width);border-right-width:0;border-top-width:0}.elementor-gallery__titles-container.e--pointer-framed.e--animation-draw .elementor-item:after{border-left-width:0;border-bottom-width:0;border-right-width:var(--galleries-pointer-border-width);border-top-width:var(--galleries-pointer-border-width)}.elementor-gallery__titles-container.e--pointer-framed.e--animation-corners .elementor-item:before{border-left-width:var(--galleries-pointer-border-width);border-bottom-width:0;border-right-width:0;border-top-width:var(--galleries-pointer-border-width)}.elementor-gallery__titles-container.e--pointer-framed.e--animation-corners .elementor-item:after{border-left-width:0;border-bottom-width:var(--galleries-pointer-border-width);border-right-width:var(--galleries-pointer-border-width);border-top-width:0}.elementor-gallery__titles-container .e--pointer-double-line .elementor-item:after,.elementor-gallery__titles-container .e--pointer-double-line .elementor-item:before,.elementor-gallery__titles-container .e--pointer-overline .elementor-item:before,.elementor-gallery__titles-container .e--pointer-underline .elementor-item:after{height:var(--galleries-pointer-border-width)}.elementor-gallery-title{--space-between:10px;cursor:pointer;color:#6d7882;font-weight:500;position:relative;padding:7px 14px;transition:all .3s}.elementor-gallery-title--active{color:#495157}.elementor-gallery-title:not(:last-child){margin-right:var(--space-between)}.elementor-gallery-item__title+.elementor-gallery-item__description{margin-top:var(--description-margin-top)}.e-gallery-item.elementor-gallery-item{transition-property:all}.e-gallery-item.elementor-animated-content .elementor-animated-item--enter-from-bottom,.e-gallery-item.elementor-animated-content .elementor-animated-item--enter-from-left,.e-gallery-item.elementor-animated-content .elementor-animated-item--enter-from-right,.e-gallery-item.elementor-animated-content .elementor-animated-item--enter-from-top,.e-gallery-item:focus .elementor-gallery__item-overlay-bg,.e-gallery-item:focus .elementor-gallery__item-overlay-content,.e-gallery-item:focus .elementor-gallery__item-overlay-content__description,.e-gallery-item:focus .elementor-gallery__item-overlay-content__title,.e-gallery-item:hover .elementor-gallery__item-overlay-bg,.e-gallery-item:hover .elementor-gallery__item-overlay-content,.e-gallery-item:hover .elementor-gallery__item-overlay-content__description,.e-gallery-item:hover .elementor-gallery__item-overlay-content__title{opacity:1}a.elementor-item.elementor-gallery-title{color:var(--galleries-title-color-normal)}a.elementor-item.elementor-gallery-title.elementor-item-active,a.elementor-item.elementor-gallery-title.highlighted,a.elementor-item.elementor-gallery-title:focus,a.elementor-item.elementor-gallery-title:hover{color:var(--galleries-title-color-hover)}a.elementor-item.elementor-gallery-title.elementor-item-active{color:var(--gallery-title-color-active)}.e-con-inner>.elementor-widget-gallery,.e-con>.elementor-widget-gallery{width:var(--container-widget-width);--flex-grow:var(--container-widget-flex-grow)}<\/style>\t\t<div class=\"elementor-gallery__container\">\n\t\t\t\t\t\t\t<a class=\"e-gallery-item elementor-gallery-item elementor-animated-content\" href=\"http:\/\/espaciolaplaza.es\/wp-content\/uploads\/2021\/12\/IMG-20211004-WA0017-1.jpg\" data-elementor-open-lightbox=\"yes\" data-elementor-lightbox-slideshow=\"a8736e0\" data-elementor-lightbox-title=\"IMG-20211004-WA0017\" data-e-action-hash=\"#elementor-action%3Aaction%3Dlightbox%26settings%3DeyJpZCI6MTI0MSwidXJsIjoiaHR0cDpcL1wvZXNwYWNpb2xhcGxhemEuZXNcL3dwLWNvbnRlbnRcL3VwbG9hZHNcLzIwMjFcLzEyXC9JTUctMjAyMTEwMDQtV0EwMDE3LTEuanBnIiwic2xpZGVzaG93IjoiYTg3MzZlMCJ9\">\n\t\t\t\t\t<div class=\"e-gallery-image elementor-gallery-item__image\" data-thumbnail=\"http:\/\/espaciolaplaza.es\/wp-content\/uploads\/2021\/12\/IMG-20211004-WA0017-1-768x576.jpg\" data-width=\"768\" data-height=\"576\" aria-label=\"\" role=\"img\" ><\/div>\n\t\t\t\t\t\t\t\t\t\t\t<div class=\"elementor-gallery-item__overlay\"><\/div>\n\t\t\t\t\t\t\t\t\t\t\t\t\t\t<\/a>\n\t\t\t\t\t\t\t<a class=\"e-gallery-item elementor-gallery-item elementor-animated-content\" href=\"http:\/\/espaciolaplaza.es\/wp-content\/uploads\/2021\/12\/IMG-20211102-WA0011-1.jpg\" data-elementor-open-lightbox=\"yes\" data-elementor-lightbox-slideshow=\"a8736e0\" data-elementor-lightbox-title=\"IMG-20211102-WA0011\" data-e-action-hash=\"#elementor-action%3Aaction%3Dlightbox%26settings%3DeyJpZCI6MTI0MiwidXJsIjoiaHR0cDpcL1wvZXNwYWNpb2xhcGxhemEuZXNcL3dwLWNvbnRlbnRcL3VwbG9hZHNcLzIwMjFcLzEyXC9JTUctMjAyMTExMDItV0EwMDExLTEuanBnIiwic2xpZGVzaG93IjoiYTg3MzZlMCJ9\">\n\t\t\t\t\t<div class=\"e-gallery-image elementor-gallery-item__image\" data-thumbnail=\"http:\/\/espaciolaplaza.es\/wp-content\/uploads\/2021\/12\/IMG-20211102-WA0011-1-768x508.jpg\" data-width=\"768\" data-height=\"508\" aria-label=\"\" role=\"img\" ><\/div>\n\t\t\t\t\t\t\t\t\t\t\t<div class=\"elementor-gallery-item__overlay\"><\/div>\n\t\t\t\t\t\t\t\t\t\t\t\t\t\t<\/a>\n\t\t\t\t\t\t\t<a class=\"e-gallery-item elementor-gallery-item elementor-animated-content\" href=\"http:\/\/espaciolaplaza.es\/wp-content\/uploads\/2021\/12\/IMG-20211116-WA0008-1.jpg\" data-elementor-open-lightbox=\"yes\" data-elementor-lightbox-slideshow=\"a8736e0\" data-elementor-lightbox-title=\"IMG-20211116-WA0008\" data-e-action-hash=\"#elementor-action%3Aaction%3Dlightbox%26settings%3DeyJpZCI6MTI0NCwidXJsIjoiaHR0cDpcL1wvZXNwYWNpb2xhcGxhemEuZXNcL3dwLWNvbnRlbnRcL3VwbG9hZHNcLzIwMjFcLzEyXC9JTUctMjAyMTExMTYtV0EwMDA4LTEuanBnIiwic2xpZGVzaG93IjoiYTg3MzZlMCJ9\">\n\t\t\t\t\t<div class=\"e-gallery-image elementor-gallery-item__image\" data-thumbnail=\"http:\/\/espaciolaplaza.es\/wp-content\/uploads\/2021\/12\/IMG-20211116-WA0008-1-768x576.jpg\" data-width=\"768\" data-height=\"576\" aria-label=\"\" role=\"img\" ><\/div>\n\t\t\t\t\t\t\t\t\t\t\t<div class=\"elementor-gallery-item__overlay\"><\/div>\n\t\t\t\t\t\t\t\t\t\t\t\t\t\t<\/a>\n\t\t\t\t\t\t\t<a class=\"e-gallery-item elementor-gallery-item elementor-animated-content\" href=\"http:\/\/espaciolaplaza.es\/wp-content\/uploads\/2021\/12\/IMG-20211116-WA0009-1.jpg\" data-elementor-open-lightbox=\"yes\" data-elementor-lightbox-slideshow=\"a8736e0\" data-elementor-lightbox-title=\"IMG-20211116-WA0009\" data-e-action-hash=\"#elementor-action%3Aaction%3Dlightbox%26settings%3DeyJpZCI6MTI0NSwidXJsIjoiaHR0cDpcL1wvZXNwYWNpb2xhcGxhemEuZXNcL3dwLWNvbnRlbnRcL3VwbG9hZHNcLzIwMjFcLzEyXC9JTUctMjAyMTExMTYtV0EwMDA5LTEuanBnIiwic2xpZGVzaG93IjoiYTg3MzZlMCJ9\">\n\t\t\t\t\t<div class=\"e-gallery-image elementor-gallery-item__image\" data-thumbnail=\"http:\/\/espaciolaplaza.es\/wp-content\/uploads\/2021\/12\/IMG-20211116-WA0009-1-768x576.jpg\" data-width=\"768\" data-height=\"576\" aria-label=\"\" role=\"img\" ><\/div>\n\t\t\t\t\t\t\t\t\t\t\t<div class=\"elementor-gallery-item__overlay\"><\/div>\n\t\t\t\t\t\t\t\t\t\t\t\t\t\t<\/a>\n\t\t\t\t\t\t\t<a class=\"e-gallery-item elementor-gallery-item elementor-animated-content\" href=\"http:\/\/espaciolaplaza.es\/wp-content\/uploads\/2021\/12\/IMG-20211116-WA0011-1.jpg\" data-elementor-open-lightbox=\"yes\" data-elementor-lightbox-slideshow=\"a8736e0\" data-elementor-lightbox-title=\"IMG-20211116-WA0011\" data-e-action-hash=\"#elementor-action%3Aaction%3Dlightbox%26settings%3DeyJpZCI6MTI0NiwidXJsIjoiaHR0cDpcL1wvZXNwYWNpb2xhcGxhemEuZXNcL3dwLWNvbnRlbnRcL3VwbG9hZHNcLzIwMjFcLzEyXC9JTUctMjAyMTExMTYtV0EwMDExLTEuanBnIiwic2xpZGVzaG93IjoiYTg3MzZlMCJ9\">\n\t\t\t\t\t<div class=\"e-gallery-image elementor-gallery-item__image\" data-thumbnail=\"http:\/\/espaciolaplaza.es\/wp-content\/uploads\/2021\/12\/IMG-20211116-WA0011-1-768x576.jpg\" data-width=\"768\" data-height=\"576\" aria-label=\"\" role=\"img\" ><\/div>\n\t\t\t\t\t\t\t\t\t\t\t<div class=\"elementor-gallery-item__overlay\"><\/div>\n\t\t\t\t\t\t\t\t\t\t\t\t\t\t<\/a>\n\t\t\t\t\t\t\t<a class=\"e-gallery-item elementor-gallery-item elementor-animated-content\" href=\"http:\/\/espaciolaplaza.es\/wp-content\/uploads\/2021\/12\/IMG-20211130-WA0005-1.jpg\" data-elementor-open-lightbox=\"yes\" data-elementor-lightbox-slideshow=\"a8736e0\" data-elementor-lightbox-title=\"IMG-20211130-WA0005\" data-e-action-hash=\"#elementor-action%3Aaction%3Dlightbox%26settings%3DeyJpZCI6MTI0NywidXJsIjoiaHR0cDpcL1wvZXNwYWNpb2xhcGxhemEuZXNcL3dwLWNvbnRlbnRcL3VwbG9hZHNcLzIwMjFcLzEyXC9JTUctMjAyMTExMzAtV0EwMDA1LTEuanBnIiwic2xpZGVzaG93IjoiYTg3MzZlMCJ9\">\n\t\t\t\t\t<div class=\"e-gallery-image elementor-gallery-item__image\" data-thumbnail=\"http:\/\/espaciolaplaza.es\/wp-content\/uploads\/2021\/12\/IMG-20211130-WA0005-1-768x576.jpg\" data-width=\"768\" data-height=\"576\" aria-label=\"\" role=\"img\" ><\/div>\n\t\t\t\t\t\t\t\t\t\t\t<div class=\"elementor-gallery-item__overlay\"><\/div>\n\t\t\t\t\t\t\t\t\t\t\t\t\t\t<\/a>\n\t\t\t\t\t<\/div>\n\t\t\t<\/div>\n\t\t\t\t<\/div>\n\t\t\t\t\t<\/div>\n\t\t<\/div>\n\t\t\t\t\t\t\t<\/div>\n\t\t<\/section>\n\t\t\t\t\t\t\t<\/div>\n\t\t","protected":false},"excerpt":{"rendered":"<p>Sala Multiusos: La sala multiusos es un espacio di\u00e1fano de 122,17 m\u00b2. Con una aforo de hasta 70 personas sentadas. Un espacio destinado a la celebraci\u00f3n de multitud de actividades: Charlas, conferencias o sesiones de narraci\u00f3n y presentaci\u00f3n de obras literarias, pero tambi\u00e9n actuaciones de peque\u00f1o formato, peque\u00f1os conciertos, actividades culturales de diversa \u00edndole dentro [&hellip;]<\/p>\n","protected":false},"author":1,"featured_media":0,"parent":0,"menu_order":0,"comment_status":"closed","ping_status":"closed","template":"elementor_header_footer","meta":{"footnotes":""},"_links":{"self":[{"href":"http:\/\/espaciolaplaza.es\/index.php\/wp-json\/wp\/v2\/pages\/161"}],"collection":[{"href":"http:\/\/espaciolaplaza.es\/index.php\/wp-json\/wp\/v2\/pages"}],"about":[{"href":"http:\/\/espaciolaplaza.es\/index.php\/wp-json\/wp\/v2\/types\/page"}],"author":[{"embeddable":true,"href":"http:\/\/espaciolaplaza.es\/index.php\/wp-json\/wp\/v2\/users\/1"}],"replies":[{"embeddable":true,"href":"http:\/\/espaciolaplaza.es\/index.php\/wp-json\/wp\/v2\/comments?post=161"}],"version-history":[{"count":15,"href":"http:\/\/espaciolaplaza.es\/index.php\/wp-json\/wp\/v2\/pages\/161\/revisions"}],"predecessor-version":[{"id":1791,"href":"http:\/\/espaciolaplaza.es\/index.php\/wp-json\/wp\/v2\/pages\/161\/revisions\/1791"}],"wp:attachment":[{"href":"http:\/\/espaciolaplaza.es\/index.php\/wp-json\/wp\/v2\/media?parent=161"}],"curies":[{"name":"wp","href":"https:\/\/api.w.org\/{rel}","templated":true}]}}