{"id":558,"date":"2021-09-24T16:04:17","date_gmt":"2021-09-24T16:04:17","guid":{"rendered":"http:\/\/laplaza.webcantabria.com\/?page_id=558"},"modified":"2021-09-24T16:04:17","modified_gmt":"2021-09-24T16:04:17","slug":"rutas-naturales","status":"publish","type":"page","link":"http:\/\/espaciolaplaza.es\/index.php\/oficina-de-turismo\/rutas-naturales\/","title":{"rendered":"RUTAS NATURALES"},"content":{"rendered":"\t\t<div data-elementor-type=\"wp-page\" data-elementor-id=\"558\" class=\"elementor elementor-558\" data-elementor-post-type=\"page\">\n\t\t\t\t\t\t\t\t\t<section class=\"elementor-section elementor-top-section elementor-element elementor-element-1cef796 elementor-section-boxed elementor-section-height-default elementor-section-height-default\" data-id=\"1cef796\" data-element_type=\"section\">\n\t\t\t\t\t\t<div class=\"elementor-container elementor-column-gap-default\">\n\t\t\t\t\t<div class=\"elementor-column elementor-col-100 elementor-top-column elementor-element elementor-element-ebcb0f2\" data-id=\"ebcb0f2\" data-element_type=\"column\">\n\t\t\t<div class=\"elementor-widget-wrap elementor-element-populated\">\n\t\t\t\t\t\t\t\t<div class=\"elementor-element elementor-element-419a0fa elementor-widget elementor-widget-heading\" data-id=\"419a0fa\" data-element_type=\"widget\" data-widget_type=\"heading.default\">\n\t\t\t\t<div class=\"elementor-widget-container\">\n\t\t\t<style>\/*! elementor - v3.15.0 - 09-08-2023 *\/\n.elementor-heading-title{padding:0;margin:0;line-height:1}.elementor-widget-heading .elementor-heading-title[class*=elementor-size-]>a{color:inherit;font-size:inherit;line-height:inherit}.elementor-widget-heading .elementor-heading-title.elementor-size-small{font-size:15px}.elementor-widget-heading .elementor-heading-title.elementor-size-medium{font-size:19px}.elementor-widget-heading .elementor-heading-title.elementor-size-large{font-size:29px}.elementor-widget-heading .elementor-heading-title.elementor-size-xl{font-size:39px}.elementor-widget-heading .elementor-heading-title.elementor-size-xxl{font-size:59px}<\/style><h2 class=\"elementor-heading-title elementor-size-default\">RUTAS NATURALES<\/h2>\t\t<\/div>\n\t\t\t\t<\/div>\n\t\t\t\t<div class=\"elementor-element elementor-element-193aed4 elementor-widget elementor-widget-bdt-accordion\" data-id=\"193aed4\" data-element_type=\"widget\" data-widget_type=\"bdt-accordion.default\">\n\t\t\t\t<div class=\"elementor-widget-container\">\n\t\t\t        <div class=\"bdt-ep-accordion-container\">\r\n            <div id=\"bdt-ep-accordion-193aed4\" class=\"bdt-ep-accordion bdt-accordion\" data-bdt-accordion=\"{&quot;collapsible&quot;:true,&quot;multiple&quot;:false,&quot;transition&quot;:&quot;ease-in-out&quot;}\" data-settings=\"{&quot;id&quot;:&quot;bdt-ep-accordion-193aed4&quot;,&quot;activeHash&quot;:&quot;no&quot;,&quot;activeScrollspy&quot;:null,&quot;hashTopOffset&quot;:false,&quot;hashScrollspyTime&quot;:false}\">\r\n                                    <div class=\"bdt-ep-accordion-item\">\r\n                        <div class=\"bdt-ep-accordion-title bdt-accordion-title bdt-flex bdt-flex-middle bdt-flex-between\" id=\"bdt-ep-accordion-canal-de-somahoz\" data-accordion-index=\"0\" data-title=\"canal-de-somahoz\" role=\"heading\">\r\n\r\n                                                            <span class=\"bdt-ep-accordion-icon bdt-flex-align-right\" aria-hidden=\"true\">\r\n\r\n                                                                            <span class=\"bdt-ep-accordion-icon-closed\">\r\n                                            <i aria-hidden=\"true\" class=\"fa-fw fas fa-plus\"><\/i>                                        <\/span>\r\n                                    \r\n                                                                            <span class=\"bdt-ep-accordion-icon-opened\">\r\n                                            <i aria-hidden=\"true\" class=\"fa-fw fas fa-minus\"><\/i>                                        <\/span>\r\n                                    \r\n                                <\/span>\r\n                            \r\n                            <span class=\"bdt-ep-title-text bdt-flex bdt-flex-middle\">\r\n\r\n                                                                CANAL DE SOMAHOZ                            <\/span>\r\n\r\n                        <\/div>\r\n                        <div class=\"bdt-ep-accordion-content bdt-accordion-content\">\r\n                                                    <\/div>\r\n                    <\/div>\r\n                                    <div class=\"bdt-ep-accordion-item\">\r\n                        <div class=\"bdt-ep-accordion-title bdt-accordion-title bdt-flex bdt-flex-middle bdt-flex-between\" id=\"bdt-ep-accordion-pea-del-moro-san-andrs-somahoz\" data-accordion-index=\"1\" data-title=\"pe-a-del-moro-san-andr-s-somahoz\" role=\"heading\">\r\n\r\n                                                            <span class=\"bdt-ep-accordion-icon bdt-flex-align-right\" aria-hidden=\"true\">\r\n\r\n                                                                            <span class=\"bdt-ep-accordion-icon-closed\">\r\n                                            <i aria-hidden=\"true\" class=\"fa-fw fas fa-plus\"><\/i>                                        <\/span>\r\n                                    \r\n                                                                            <span class=\"bdt-ep-accordion-icon-opened\">\r\n                                            <i aria-hidden=\"true\" class=\"fa-fw fas fa-minus\"><\/i>                                        <\/span>\r\n                                    \r\n                                <\/span>\r\n                            \r\n                            <span class=\"bdt-ep-title-text bdt-flex bdt-flex-middle\">\r\n\r\n                                                                PE\u00d1A DEL MORO, SAN ANDR\u00c9S, SOMAHOZ                            <\/span>\r\n\r\n                        <\/div>\r\n                        <div class=\"bdt-ep-accordion-content bdt-accordion-content\">\r\n                            <p class=\"p2\">\u00a0<\/p><p class=\"p3\"><b>DESCRIPCI\u00d3N DEL RECORRIDO<\/b><\/p><p class=\"p3\">Desde el barrio de San Andr\u00e9s, en Los Corrales de Buelna, iniciaremos la ruta junto al herradero de<\/p><p class=\"p3\">Bandabarreda, tomando la primera cambera a la derecha, hacia la Pe\u00f1a el Moro.<\/p><p class=\"p3\">Atravesaremos el r\u00edo Redondo por un camino que discurre enmarcado entre los tradicionales cerramientos de piedra de los prados y ascenderemos por una pista de hormig\u00f3n de fuerte pendiente que nos conducir\u00e1 al \u00e1rea de La Retuerta. Acompa\u00f1ados por un bosquete de robles, avellanos y salces, bordearemos la plantaci\u00f3n de \u201cel d\u00eda del \u00e1rbol\u201d y el camino nos llevar\u00e1 hasta un peque\u00f1o mirador desde el que observar el Valle de Buelna.<\/p><p class=\"p3\">En este punto nos adentraremos en una zona de canteras y comenzaremos el zigzag que nos conducir\u00e1 a lo alto de la <b>Pe\u00f1a el Moro<\/b> <b>(378 m)<\/b>, un acceso anta\u00f1o creado por las gentes del valle para salvar el gran desnivel del terreno a la hora de poder transportar las losas mediante n\u00e1rria. Si nos fijamos, a\u00fan podremos observar las huellas que los diferentes m\u00e9todos de extracci\u00f3n han dejado en la piedra; marcas de cu\u00f1eras y tajaderas en los bloques de arenisca que encontraremos en los primeros tramos, as\u00ed como marcas de hendiduras de pistoletes realizadas para introducir explosivos, \u00e9stas ya concentradas en los grandes bloques de los tramos superiores.<\/p><p class=\"p3\">Llegaremos a la cima y tras disfrutar nuevamente de las espl\u00e9ndidas vistas del Valle de Buelna al completo, nos dirigiremos hacia el Este atravesando las antiguas bra\u00f1as hasta adentrarnos en una zona de bosque. Descenderemos por una senda marcada por el tr\u00e1nsito de animales hasta cruzar el regato del r\u00edo El Salt\u00f3n. A partir de aqu\u00ed seguiremos el camino paralelo al curso de agua y que nos introduce en un bello bosque de avellanos, acebos, cajigas y casta\u00f1os, mezclados ya con plantaciones de eucaliptos. Mientras disfrutamos de un camino de gran riqueza natural salpicado por inquietos riachuelos, enlazaremos con la cambera de aprovechamiento forestal que nos devolver\u00e1 nuevamente al barrio de San Andr\u00e9s a una zona de prados de siega, no sin antes pasar por delante del antiguo dep\u00f3sito de agua de la f\u00e1brica Quijano, construido a principios del siglo XX.<\/p><p>\u00a0<\/p><p class=\"p3\"><b>CARACTER\u00cdSTICAS T\u00c9CNICAS:<\/b><\/p><p class=\"p3\">Longitud del recorrido: 4,10 km<\/p><p class=\"p3\">Duraci\u00f3n aproximada: 1,30 horas<\/p><p class=\"p3\">Dificultad: baja<\/p><p class=\"p3\">Altura m\u00ednima: 115 metros<\/p><p class=\"p3\">Altura m\u00e1xima: 378 metros<\/p><p class=\"p3\">Tipo de itinerario: circular<\/p><p class=\"p3\">Desnivel positivo acumulado: 285 m<\/p><p class=\"p3\">Desnivel negativo acumulado: 285 m<\/p><p class=\"p3\">\u00c9poca recomendada: todo el a\u00f1o.<\/p>                        <\/div>\r\n                    <\/div>\r\n                                    <div class=\"bdt-ep-accordion-item\">\r\n                        <div class=\"bdt-ep-accordion-title bdt-accordion-title bdt-flex bdt-flex-middle bdt-flex-between\" id=\"bdt-ep-accordion-calzada-monte-fresneda-y-monte-gedo-la-contrina\" data-accordion-index=\"2\" data-title=\"calzada-monte-fresneda-y-monte-gedo-la-contrina\" role=\"heading\">\r\n\r\n                                                            <span class=\"bdt-ep-accordion-icon bdt-flex-align-right\" aria-hidden=\"true\">\r\n\r\n                                                                            <span class=\"bdt-ep-accordion-icon-closed\">\r\n                                            <i aria-hidden=\"true\" class=\"fa-fw fas fa-plus\"><\/i>                                        <\/span>\r\n                                    \r\n                                                                            <span class=\"bdt-ep-accordion-icon-opened\">\r\n                                            <i aria-hidden=\"true\" class=\"fa-fw fas fa-minus\"><\/i>                                        <\/span>\r\n                                    \r\n                                <\/span>\r\n                            \r\n                            <span class=\"bdt-ep-title-text bdt-flex bdt-flex-middle\">\r\n\r\n                                                                CALZADA MONTE FRESNEDA Y MONTE GEDO, LA CONTRINA                            <\/span>\r\n\r\n                        <\/div>\r\n                        <div class=\"bdt-ep-accordion-content bdt-accordion-content\">\r\n                            <p class=\"p2\">\u00a0<\/p><p class=\"p3\"><b>DESCRIPCI\u00d3N DEL RECORRIDO<\/b><\/p><p class=\"p3\">Tras tomar la carretera de la derecha que asciende al Barrio de La Contrina, iniciaremos la ruta que nos llevar\u00e1 al emblem\u00e1tico bosque del Monte Fresneda. Rodeados por hist\u00f3ricas cajigas, avellanos blancos y acebos, recorreremos un peque\u00f1o sector de la calzada, de poco m\u00e1s de 2.000 metros, que comunicaba Pisoraca (Herrera de Pisuerga), con Iuli\u00f3briga (Retortillo) y con Portus Blendium (Suances).<\/p><p class=\"p3\">Caminaremos por varios tramos de encachado (empedrado de cantos rodados), para llegar a una bifurcaci\u00f3n en la que deberemos tomar el desv\u00edo a la izquierda. No obstante, en este punto de la ruta, tendremos la opci\u00f3n de seguir nuestro camino unos metros para as\u00ed poder disfrutar de varios tramos m\u00e1s de calzada, el llamado \u201csector 2\u201d.<\/p><p class=\"p3\">Ascenderemos por una pista forestal que atravesar\u00e1 el bosque hasta abordar la carretera de Collado, donde giraremos a la izquierda en direcci\u00f3n al Monte Gedo. Al traspasar el sistema de confinamiento de animales retomaremos las pistas forestales y seguiremos nuestra senda nuevamente por la alternativa de la izquierda. En este punto comenzaremos a recorrer un frondoso bosque de pinos, con casta\u00f1os, cajigas, algunas jayas e incluso fresnos, interrumpido por zonas de prados de siega. Si realiz\u00e1semos el sendero a primera o a \u00faltima hora del d\u00eda, no es de extra\u00f1ar encontrarnos con alguna familia de \u00e1giles corzos cruzando monte a trav\u00e9s.<\/p><p class=\"p3\">Una vez que estemos ya en el <b>mirador del Gedo<\/b>, podremos disfrutar de las espl\u00e9ndidas vistas que nos ofrece el Valle de Buelna. Continuaremos la ruta ahora por un estrecho sendero que vuelve a introducirnos en una bella zona boscosa salpicada por peque\u00f1os riachuelos, en la que recordaremos los tradicionales oficios de las gentes del valle al encontrarnos con antiguos refugios y vetustas canteras de piedra.<\/p><p class=\"p3\">Caminaremos sorteando obst\u00e1culos hasta llegar nuevamente a una pista forestal que nos conducir\u00e1 al mirador de Tojos, desde el que gozaremos de una magn\u00edfica visual del Valle de Cieza. A partir de aqu\u00ed conectaremos con la carretera de Collado para retomar el camino del Monte Fresneda que nos devolver\u00e1 a nuestro punto de partida.<\/p><p>\u00a0<\/p><p class=\"p3\"><b>CARACTER\u00cdSTICAS T\u00c9CNICAS:<\/b><\/p><p class=\"p3\">Longitud del recorrido: 12,10 km<\/p><p class=\"p3\">Duraci\u00f3n aproximada: 3,30 horas<\/p><p class=\"p3\">Dificultad: media<\/p><p class=\"p3\">Altura m\u00ednima: 157 metros<\/p><p class=\"p3\">Altura m\u00e1xima: 399 metros<\/p><p class=\"p3\">Tipo de itinerario: circular<\/p><p class=\"p3\">Desnivel positivo acumulado: 412 m<\/p><p class=\"p3\">Desnivel negativo acumulado: 412 m<\/p><p class=\"p3\">\u00c9poca recomendada: todo el a\u00f1o.<\/p>                        <\/div>\r\n                    <\/div>\r\n                                    <div class=\"bdt-ep-accordion-item\">\r\n                        <div class=\"bdt-ep-accordion-title bdt-accordion-title bdt-flex bdt-flex-middle bdt-flex-between\" id=\"bdt-ep-accordion-senda-fluvial-del-besaya-somahoz-cieza\" data-accordion-index=\"3\" data-title=\"senda-fluvial-del-besaya-somahoz-cieza\" role=\"heading\">\r\n\r\n                                                            <span class=\"bdt-ep-accordion-icon bdt-flex-align-right\" aria-hidden=\"true\">\r\n\r\n                                                                            <span class=\"bdt-ep-accordion-icon-closed\">\r\n                                            <i aria-hidden=\"true\" class=\"fa-fw fas fa-plus\"><\/i>                                        <\/span>\r\n                                    \r\n                                                                            <span class=\"bdt-ep-accordion-icon-opened\">\r\n                                            <i aria-hidden=\"true\" class=\"fa-fw fas fa-minus\"><\/i>                                        <\/span>\r\n                                    \r\n                                <\/span>\r\n                            \r\n                            <span class=\"bdt-ep-title-text bdt-flex bdt-flex-middle\">\r\n\r\n                                                                SENDA FLUVIAL DEL BESAYA (SOMAHOZ \u2013 CIEZA)                            <\/span>\r\n\r\n                        <\/div>\r\n                        <div class=\"bdt-ep-accordion-content bdt-accordion-content\">\r\n                            <p class=\"p3\">Esta senda discurre siguiendo la margen izquierda del r\u00edo Besaya, partiendo desde Somahoz, en Los Corrales de Buelna, y adentr\u00e1ndose en el municipio de Cieza.<\/p><p class=\"p3\">El itinerario as\u00ed constituido aprovecha en gran medida el antiguo trazado de la carretera N-611 y permite acercar a vecinos y visitantes al Besaya. La tipolog\u00eda de la ruta, de pendientes suaves, y su entorno (al estar encajado en el valle, siempre en paralelo al cauce, es factible contemplar, donde la vegetaci\u00f3n lo permite, las limpias agua del r\u00edo, y escuchar su transitar en pr\u00e1cticamente todo el recorrido, todo ello con la seguridad que ofrece la lejan\u00eda del tr\u00e1fico rodado) hacen de ella un lugar id\u00f3neo para realizar ejercicio f\u00edsico, acceder a las riberas para practicar la pesca, darse un cole, o, sencillamente, relajarse y disfrutar del paisaje.<\/p><p class=\"p3\">El r\u00edo Besaya, con un recorrido pr\u00e1cticamente rectil\u00edneo de 47 kil\u00f3metros, nace en la localidad campurriana de Fresno del R\u00edo a 870m de altura y desemboca en el r\u00edo Saja en Torrelavega. A lo largo de la senda fluvial es posible observar los peculiares rasgos geol\u00f3gicos del valle del Besaya, no existentes en ninguna otra regi\u00f3n c\u00e1ntabra.<\/p><p class=\"p3\">La principal estructura son bloques de areniscas tri\u00e1sicas en los que se entremezclan arcillas viol\u00e1ceas del tri\u00e1sico superior y calizas masivas del Carbon\u00edfero. La existencia de la carretera nacional actual permite contemplar excelentes cortes de la serie tri\u00e1sica.<\/p><p class=\"p3\">La flora y fauna existente es la cl\u00e1sica de un ecosistema fluvial. As\u00ed, se puede observar la vegetaci\u00f3n caracter\u00edstica de un bosque de ripario, con predominio de \u00e1rboles, como avellanos, alisas, jayas y fresnos, junto con otras especies arbustivas, como la zarzamora o el espino albar, y herb\u00e1ceas como la salvia o el or\u00e9gano.<\/p><p class=\"p3\">En lo que respecta a la fauna, el camino se erige como un excelente lugar desde el que poder contemplar, si se dispone de paciencia y un poco de suerte, algunos de los animales que forman parte del ecosistema, como pueden ser mam\u00edferos, como la rata de agua, el tur\u00f3n, e incluso la nutria, aves, como la t\u00f3rtola, la garza o el pico real, o reptiles, como la culebra de agua, adem\u00e1s de peces propios de aguas de gran calidad, como la madrilla o el salm\u00f3n.<\/p><p class=\"p3\"><b>CARACTER\u00cdSTICAS T\u00c9CNICAS:<\/b><\/p><p class=\"p3\">Longitud del recorrido: 2,44 km<\/p><p class=\"p3\">Duraci\u00f3n aproximada: 40 minutos<\/p><p class=\"p3\">Dificultad: baja<\/p><p class=\"p3\">Altura m\u00ednima: 103 metros<\/p><p class=\"p3\">Altura m\u00e1xima: 146 metros<\/p><p class=\"p3\">Tipo de itinerario: lineal<\/p><p class=\"p3\">Desnivel positivo acumulado: 25 m<\/p><p class=\"p3\">Desnivel negativo acumulado: 25 m<\/p><p class=\"p3\">\u00c9poca recomendada: todo el a\u00f1o.<\/p>                        <\/div>\r\n                    <\/div>\r\n                                    <div class=\"bdt-ep-accordion-item\">\r\n                        <div class=\"bdt-ep-accordion-title bdt-accordion-title bdt-flex bdt-flex-middle bdt-flex-between\" id=\"bdt-ep-accordion-ruta-del-pico-del-acebo-y-mozagro-coo\" data-accordion-index=\"4\" data-title=\"ruta-del-pico-del-acebo-y-mozagro-coo\" role=\"heading\">\r\n\r\n                                                            <span class=\"bdt-ep-accordion-icon bdt-flex-align-right\" aria-hidden=\"true\">\r\n\r\n                                                                            <span class=\"bdt-ep-accordion-icon-closed\">\r\n                                            <i aria-hidden=\"true\" class=\"fa-fw fas fa-plus\"><\/i>                                        <\/span>\r\n                                    \r\n                                                                            <span class=\"bdt-ep-accordion-icon-opened\">\r\n                                            <i aria-hidden=\"true\" class=\"fa-fw fas fa-minus\"><\/i>                                        <\/span>\r\n                                    \r\n                                <\/span>\r\n                            \r\n                            <span class=\"bdt-ep-title-text bdt-flex bdt-flex-middle\">\r\n\r\n                                                                RUTA DEL PICO DEL ACEBO Y MOZAGRO, COO                            <\/span>\r\n\r\n                        <\/div>\r\n                        <div class=\"bdt-ep-accordion-content bdt-accordion-content\">\r\n                                                    <\/div>\r\n                    <\/div>\r\n                            <\/div>\r\n        <\/div>\r\n    \t\t<\/div>\n\t\t\t\t<\/div>\n\t\t\t\t\t<\/div>\n\t\t<\/div>\n\t\t\t\t\t\t\t<\/div>\n\t\t<\/section>\n\t\t\t\t<section class=\"elementor-section elementor-top-section elementor-element elementor-element-bfb57d2 elementor-section-boxed elementor-section-height-default elementor-section-height-default\" data-id=\"bfb57d2\" data-element_type=\"section\">\n\t\t\t\t\t\t<div class=\"elementor-container elementor-column-gap-default\">\n\t\t\t\t\t<div class=\"elementor-column elementor-col-100 elementor-top-column elementor-element elementor-element-37ff3b5\" data-id=\"37ff3b5\" data-element_type=\"column\">\n\t\t\t<div class=\"elementor-widget-wrap\">\n\t\t\t\t\t\t\t\t\t<\/div>\n\t\t<\/div>\n\t\t\t\t\t\t\t<\/div>\n\t\t<\/section>\n\t\t\t\t\t\t\t<\/div>\n\t\t","protected":false},"excerpt":{"rendered":"<p>RUTAS NATURALES CANAL DE SOMAHOZ CANAL DE SOMAHOZ DESCRIPCI\u00d3N DEL RECORRIDO: Desde el barrio de San Andr\u00e9s, en Los Corrales de Buelna, iniciaremos la ruta junto al herradero de Bandabarreda tomando la primera carretera a la derecha, hacia la Canal de las Tejeras. Atravesaremos el r\u00edo Redondo y seguiremos recto por una cambera que enseguida [&hellip;]<\/p>\n","protected":false},"author":1,"featured_media":0,"parent":159,"menu_order":0,"comment_status":"closed","ping_status":"closed","template":"elementor_header_footer","meta":{"footnotes":""},"_links":{"self":[{"href":"http:\/\/espaciolaplaza.es\/index.php\/wp-json\/wp\/v2\/pages\/558"}],"collection":[{"href":"http:\/\/espaciolaplaza.es\/index.php\/wp-json\/wp\/v2\/pages"}],"about":[{"href":"http:\/\/espaciolaplaza.es\/index.php\/wp-json\/wp\/v2\/types\/page"}],"author":[{"embeddable":true,"href":"http:\/\/espaciolaplaza.es\/index.php\/wp-json\/wp\/v2\/users\/1"}],"replies":[{"embeddable":true,"href":"http:\/\/espaciolaplaza.es\/index.php\/wp-json\/wp\/v2\/comments?post=558"}],"version-history":[{"count":0,"href":"http:\/\/espaciolaplaza.es\/index.php\/wp-json\/wp\/v2\/pages\/558\/revisions"}],"up":[{"embeddable":true,"href":"http:\/\/espaciolaplaza.es\/index.php\/wp-json\/wp\/v2\/pages\/159"}],"wp:attachment":[{"href":"http:\/\/espaciolaplaza.es\/index.php\/wp-json\/wp\/v2\/media?parent=558"}],"curies":[{"name":"wp","href":"https:\/\/api.w.org\/{rel}","templated":true}]}}