{"id":3585,"date":"2024-09-09T12:36:08","date_gmt":"2024-09-09T11:36:08","guid":{"rendered":"http:\/\/espaciolaplaza.es\/?page_id=3585"},"modified":"2024-09-10T09:44:31","modified_gmt":"2024-09-10T08:44:31","slug":"cine-teatro","status":"publish","type":"page","link":"https:\/\/espaciolaplaza.es\/index.php\/cine-teatro\/","title":{"rendered":"CINE\/TEATRO"},"content":{"rendered":"\t\t<div data-elementor-type=\"wp-page\" data-elementor-id=\"3585\" class=\"elementor elementor-3585\" data-elementor-post-type=\"page\">\n\t\t\t\t\t\t\t\t\t<section class=\"elementor-section elementor-top-section elementor-element elementor-element-8f56893 elementor-section-height-min-height elementor-section-boxed elementor-section-height-default elementor-section-items-middle\" data-id=\"8f56893\" data-element_type=\"section\" data-settings=\"{&quot;background_background&quot;:&quot;classic&quot;,&quot;shape_divider_bottom&quot;:&quot;mountains&quot;}\">\n\t\t\t\t\t\t\t<div class=\"elementor-background-overlay\"><\/div>\n\t\t\t\t\t\t<div class=\"elementor-shape elementor-shape-bottom\" data-negative=\"false\">\n\t\t\t<svg xmlns=\"http:\/\/www.w3.org\/2000\/svg\" viewBox=\"0 0 1000 100\" preserveAspectRatio=\"none\">\n\t<path class=\"elementor-shape-fill\" opacity=\"0.33\" d=\"M473,67.3c-203.9,88.3-263.1-34-320.3,0C66,119.1,0,59.7,0,59.7V0h1000v59.7 c0,0-62.1,26.1-94.9,29.3c-32.8,3.3-62.8-12.3-75.8-22.1C806,49.6,745.3,8.7,694.9,4.7S492.4,59,473,67.3z\"\/>\n\t<path class=\"elementor-shape-fill\" opacity=\"0.66\" d=\"M734,67.3c-45.5,0-77.2-23.2-129.1-39.1c-28.6-8.7-150.3-10.1-254,39.1 s-91.7-34.4-149.2,0C115.7,118.3,0,39.8,0,39.8V0h1000v36.5c0,0-28.2-18.5-92.1-18.5C810.2,18.1,775.7,67.3,734,67.3z\"\/>\n\t<path class=\"elementor-shape-fill\" d=\"M766.1,28.9c-200-57.5-266,65.5-395.1,19.5C242,1.8,242,5.4,184.8,20.6C128,35.8,132.3,44.9,89.9,52.5C28.6,63.7,0,0,0,0 h1000c0,0-9.9,40.9-83.6,48.1S829.6,47,766.1,28.9z\"\/>\n<\/svg>\t\t<\/div>\n\t\t\t\t\t<div class=\"elementor-container elementor-column-gap-default\">\n\t\t\t\t\t<div class=\"elementor-column elementor-col-100 elementor-top-column elementor-element elementor-element-d187a28\" data-id=\"d187a28\" data-element_type=\"column\">\n\t\t\t<div class=\"elementor-widget-wrap\">\n\t\t\t\t\t\t\t\t\t<\/div>\n\t\t<\/div>\n\t\t\t\t\t\t\t<\/div>\n\t\t<\/section>\n\t\t\t\t<section class=\"elementor-section elementor-top-section elementor-element elementor-element-d0be67f elementor-section-boxed elementor-section-height-default elementor-section-height-default\" data-id=\"d0be67f\" data-element_type=\"section\">\n\t\t\t\t\t\t<div class=\"elementor-container elementor-column-gap-default\">\n\t\t\t\t\t<div class=\"elementor-column elementor-col-100 elementor-top-column elementor-element elementor-element-fc2f9f0\" data-id=\"fc2f9f0\" data-element_type=\"column\">\n\t\t\t<div class=\"elementor-widget-wrap elementor-element-populated\">\n\t\t\t\t\t\t\t\t<div class=\"elementor-element elementor-element-30bb30f elementor-widget elementor-widget-heading\" data-id=\"30bb30f\" data-element_type=\"widget\" data-widget_type=\"heading.default\">\n\t\t\t\t<div class=\"elementor-widget-container\">\n\t\t\t<style>\/*! elementor - v3.15.0 - 09-08-2023 *\/\n.elementor-heading-title{padding:0;margin:0;line-height:1}.elementor-widget-heading .elementor-heading-title[class*=elementor-size-]>a{color:inherit;font-size:inherit;line-height:inherit}.elementor-widget-heading .elementor-heading-title.elementor-size-small{font-size:15px}.elementor-widget-heading .elementor-heading-title.elementor-size-medium{font-size:19px}.elementor-widget-heading .elementor-heading-title.elementor-size-large{font-size:29px}.elementor-widget-heading .elementor-heading-title.elementor-size-xl{font-size:39px}.elementor-widget-heading .elementor-heading-title.elementor-size-xxl{font-size:59px}<\/style><h2 class=\"elementor-heading-title elementor-size-default\">CINE\/TEATRO<\/h2>\t\t<\/div>\n\t\t\t\t<\/div>\n\t\t\t\t\t<\/div>\n\t\t<\/div>\n\t\t\t\t\t\t\t<\/div>\n\t\t<\/section>\n\t\t\t\t<section class=\"elementor-section elementor-top-section elementor-element elementor-element-8fd22dc elementor-section-boxed elementor-section-height-default elementor-section-height-default\" data-id=\"8fd22dc\" data-element_type=\"section\">\n\t\t\t\t\t\t<div class=\"elementor-container elementor-column-gap-default\">\n\t\t\t\t\t<div class=\"elementor-column elementor-col-100 elementor-top-column elementor-element elementor-element-fa6d087\" data-id=\"fa6d087\" data-element_type=\"column\">\n\t\t\t<div class=\"elementor-widget-wrap elementor-element-populated\">\n\t\t\t\t\t\t\t\t<div class=\"elementor-element elementor-element-be5f2c1 elementor-widget elementor-widget-bdt-post-grid\" data-id=\"be5f2c1\" data-element_type=\"widget\" data-settings=\"{&quot;columns&quot;:&quot;3&quot;,&quot;columns_tablet&quot;:&quot;2&quot;,&quot;columns_mobile&quot;:&quot;1&quot;}\" data-widget_type=\"bdt-post-grid.bdt-carmie\">\n\t\t\t\t<div class=\"elementor-widget-container\">\n\t\t\t \n\t\t<div id=\"bdt-post-grid-be5f2c1\" class=\"bdt-post-grid bdt-post-grid-skin-carmie\">\n\t  \t\t<div class=\"bdt-grid bdt-grid-small\" data-bdt-grid>\n\n\t\t\t\t\t\t\t\t\t\n\t\t            <div class=\"bdt-width-1-1 bdt-width-1-2@s bdt-width-1-3@m\">\n\t\t\t\t\t\t<div class=\"bdt-post-grid-item bdt-transition-toggle bdt-position-relative\">\n\t\t\t\t\t\t\t\t\n\t\t\t\t\t\t\t<div class=\"bdt-post-grid-img-wrap bdt-overflow-hidden\">\n\t\t\t\t<a href=\"https:\/\/espaciolaplaza.es\/index.php\/2026\/04\/09\/cine-comercial-calle-malaga\/\" class=\"bdt-transition-scale-up bdt-background-cover bdt-transition-opaque bdt-flex\" title=\"Cine comercial: Calle M\u00e1laga\" style=\"background-image: url(https:\/\/espaciolaplaza.es\/wp-content\/uploads\/2026\/04\/cine-comercial.jpg)\">\n  \t\t\t\t<\/a>\n\t\t\t<\/div>\n\t\t\t\t\t\t\t<div class=\"bdt-custom-overlay bdt-position-cover\"><\/div>\n\t\t\t\t\t  \t\t\n\t\t\t\t\t  \t\t<div class=\"bdt-post-grid-desc bdt-position-bottom-left\">\n\t\t\t\t\t\t  \t\t<div class=\"bdt-position-medium \">\n\t\t\t\t\t            \t\t\t\t\t\t\t\t\t\t\t<div class=\"bdt-post-grid-meta bdt-subnav bdt-flex-inline bdt-flex-middle\">\n\t\t\t\t\t\t\t\t\t\t\t\t\t\t\t\t\t\t\t\t\t\t<span class=\"bdt-post-grid-date\">09\/04\/2026<\/span>\t\t\t\t\t\t\t\t\t\t\t\t\t\t\t\t\t\t\t\t\t\t\t\t\t\t\t\t\t\t\t\t<\/div>\n\t\t\t\t\t\t\t\t\t\n\t\t\t\t\t\t\t\t\t<h2 class=\"bdt-post-grid-title\" >\n\t\t\t\t<a href=\"https:\/\/espaciolaplaza.es\/index.php\/2026\/04\/09\/cine-comercial-calle-malaga\/\" class=\"bdt-post-grid-link\" title=\"Cine comercial: Calle M\u00e1laga\">\n\t\t\t\t\tCine comercial: Calle M\u00e1laga\n\t\t\t\t<\/a>\n\t\t\t<\/h2>\n\t\t\t\t\t\t\t  \t\t<div class=\"bdt-transition-slide-bottom\">\n\t\t\t\t\t\t\t\t\t\t\t\t\t\t\t\t\t\t\t<\/div>\n\t\t\t\t\t\t\t\t<\/div>\n\t\t\t\t\t\t\t<\/div>\n\n\t\t\t\t\t\t\t\n\t\t\t\t\t\t<\/div>\n\t\t            <\/div>\n\n\t\t\t\t\t\t\t\t\t\n\t\t            <div class=\"bdt-width-1-1 bdt-width-1-2@s bdt-width-1-3@m\">\n\t\t\t\t\t\t<div class=\"bdt-post-grid-item bdt-transition-toggle bdt-position-relative\">\n\t\t\t\t\t\t\t\t\n\t\t\t\t\t\t\t<div class=\"bdt-post-grid-img-wrap bdt-overflow-hidden\">\n\t\t\t\t<a href=\"https:\/\/espaciolaplaza.es\/index.php\/2026\/04\/01\/cine-comercial-torrente-presidente\/\" class=\"bdt-transition-scale-up bdt-background-cover bdt-transition-opaque bdt-flex\" title=\"Cine comercial: Torrente presidente\" style=\"background-image: url(https:\/\/espaciolaplaza.es\/wp-content\/uploads\/2026\/04\/TORRENTE.jpg)\">\n  \t\t\t\t<\/a>\n\t\t\t<\/div>\n\t\t\t\t\t\t\t<div class=\"bdt-custom-overlay bdt-position-cover\"><\/div>\n\t\t\t\t\t  \t\t\n\t\t\t\t\t  \t\t<div class=\"bdt-post-grid-desc bdt-position-bottom-left\">\n\t\t\t\t\t\t  \t\t<div class=\"bdt-position-medium \">\n\t\t\t\t\t            \t\t\t\t\t\t\t\t\t\t\t<div class=\"bdt-post-grid-meta bdt-subnav bdt-flex-inline bdt-flex-middle\">\n\t\t\t\t\t\t\t\t\t\t\t\t\t\t\t\t\t\t\t\t\t\t<span class=\"bdt-post-grid-date\">01\/04\/2026<\/span>\t\t\t\t\t\t\t\t\t\t\t\t\t\t\t\t\t\t\t\t\t\t\t\t\t\t\t\t\t\t\t\t<\/div>\n\t\t\t\t\t\t\t\t\t\n\t\t\t\t\t\t\t\t\t<h2 class=\"bdt-post-grid-title bdt-post-grid-title\" >\n\t\t\t\t<a href=\"https:\/\/espaciolaplaza.es\/index.php\/2026\/04\/01\/cine-comercial-torrente-presidente\/\" class=\"bdt-post-grid-link\" title=\"Cine comercial: Torrente presidente\">\n\t\t\t\t\tCine comercial: Torrente presidente\n\t\t\t\t<\/a>\n\t\t\t<\/h2>\n\t\t\t\t\t\t\t  \t\t<div class=\"bdt-transition-slide-bottom\">\n\t\t\t\t\t\t\t\t\t\t\t\t\t\t\t\t\t\t\t<\/div>\n\t\t\t\t\t\t\t\t<\/div>\n\t\t\t\t\t\t\t<\/div>\n\n\t\t\t\t\t\t\t\n\t\t\t\t\t\t<\/div>\n\t\t            <\/div>\n\n\t\t\t\t\t\t\t\t\t\n\t\t            <div class=\"bdt-width-1-1 bdt-width-1-2@s bdt-width-1-3@m\">\n\t\t\t\t\t\t<div class=\"bdt-post-grid-item bdt-transition-toggle bdt-position-relative\">\n\t\t\t\t\t\t\t\t\n\t\t\t\t\t\t\t<div class=\"bdt-post-grid-img-wrap bdt-overflow-hidden\">\n\t\t\t\t<a href=\"https:\/\/espaciolaplaza.es\/index.php\/2026\/04\/01\/nerea-garmendia-presenta-su-monologo-con-taras-y-a-lo-loco-en-los-corrales-de-buelna\/\" class=\"bdt-transition-scale-up bdt-background-cover bdt-transition-opaque bdt-flex\" title=\"Nerea Garmendia presenta su mon\u00f3logo \u201cCon taras y a lo loco\u201d en Los Corrales de Buelna\" style=\"background-image: url(https:\/\/espaciolaplaza.es\/wp-content\/uploads\/2026\/04\/TEATRO.jpg)\">\n  \t\t\t\t<\/a>\n\t\t\t<\/div>\n\t\t\t\t\t\t\t<div class=\"bdt-custom-overlay bdt-position-cover\"><\/div>\n\t\t\t\t\t  \t\t\n\t\t\t\t\t  \t\t<div class=\"bdt-post-grid-desc bdt-position-bottom-left\">\n\t\t\t\t\t\t  \t\t<div class=\"bdt-position-medium \">\n\t\t\t\t\t            \t\t\t\t\t\t\t\t\t\t\t<div class=\"bdt-post-grid-meta bdt-subnav bdt-flex-inline bdt-flex-middle\">\n\t\t\t\t\t\t\t\t\t\t\t\t\t\t\t\t\t\t\t\t\t\t<span class=\"bdt-post-grid-date\">01\/04\/2026<\/span>\t\t\t\t\t\t\t\t\t\t\t\t\t\t\t\t\t\t\t\t\t\t\t\t\t\t\t\t\t\t\t\t<\/div>\n\t\t\t\t\t\t\t\t\t\n\t\t\t\t\t\t\t\t\t<h2 class=\"bdt-post-grid-title bdt-post-grid-title bdt-post-grid-title\" >\n\t\t\t\t<a href=\"https:\/\/espaciolaplaza.es\/index.php\/2026\/04\/01\/nerea-garmendia-presenta-su-monologo-con-taras-y-a-lo-loco-en-los-corrales-de-buelna\/\" class=\"bdt-post-grid-link\" title=\"Nerea Garmendia presenta su mon\u00f3logo \u201cCon taras y a lo loco\u201d en Los Corrales de Buelna\">\n\t\t\t\t\tNerea Garmendia presenta su mon\u00f3logo \u201cCon taras y a lo loco\u201d en Los Corrales de Buelna\n\t\t\t\t<\/a>\n\t\t\t<\/h2>\n\t\t\t\t\t\t\t  \t\t<div class=\"bdt-transition-slide-bottom\">\n\t\t\t\t\t\t\t\t\t\t\t\t\t\t\t\t\t\t\t<\/div>\n\t\t\t\t\t\t\t\t<\/div>\n\t\t\t\t\t\t\t<\/div>\n\n\t\t\t\t\t\t\t\n\t\t\t\t\t\t<\/div>\n\t\t            <\/div>\n\n\t\t\t\t\t\t\t\t\t\n\t\t            <div class=\"bdt-width-1-1 bdt-width-1-2@s bdt-width-1-3@m\">\n\t\t\t\t\t\t<div class=\"bdt-post-grid-item bdt-transition-toggle bdt-position-relative\">\n\t\t\t\t\t\t\t\t\n\t\t\t\t\t\t\t<div class=\"bdt-post-grid-img-wrap bdt-overflow-hidden\">\n\t\t\t\t<a href=\"https:\/\/espaciolaplaza.es\/index.php\/2026\/03\/27\/nuevas-fechas-cine-comercial-la-fiera\/\" class=\"bdt-transition-scale-up bdt-background-cover bdt-transition-opaque bdt-flex\" title=\"Nuevas fechas cine comercial: La fiera\" style=\"background-image: url(https:\/\/espaciolaplaza.es\/wp-content\/uploads\/2026\/03\/la-fiera.jpg)\">\n  \t\t\t\t<\/a>\n\t\t\t<\/div>\n\t\t\t\t\t\t\t<div class=\"bdt-custom-overlay bdt-position-cover\"><\/div>\n\t\t\t\t\t  \t\t\n\t\t\t\t\t  \t\t<div class=\"bdt-post-grid-desc bdt-position-bottom-left\">\n\t\t\t\t\t\t  \t\t<div class=\"bdt-position-medium \">\n\t\t\t\t\t            \t\t\t\t\t\t\t\t\t\t\t<div class=\"bdt-post-grid-meta bdt-subnav bdt-flex-inline bdt-flex-middle\">\n\t\t\t\t\t\t\t\t\t\t\t\t\t\t\t\t\t\t\t\t\t\t<span class=\"bdt-post-grid-date\">27\/03\/2026<\/span>\t\t\t\t\t\t\t\t\t\t\t\t\t\t\t\t\t\t\t\t\t\t\t\t\t\t\t\t\t\t\t\t<\/div>\n\t\t\t\t\t\t\t\t\t\n\t\t\t\t\t\t\t\t\t<h2 class=\"bdt-post-grid-title bdt-post-grid-title bdt-post-grid-title bdt-post-grid-title\" >\n\t\t\t\t<a href=\"https:\/\/espaciolaplaza.es\/index.php\/2026\/03\/27\/nuevas-fechas-cine-comercial-la-fiera\/\" class=\"bdt-post-grid-link\" title=\"Nuevas fechas cine comercial: La fiera\">\n\t\t\t\t\tNuevas fechas cine comercial: La fiera\n\t\t\t\t<\/a>\n\t\t\t<\/h2>\n\t\t\t\t\t\t\t  \t\t<div class=\"bdt-transition-slide-bottom\">\n\t\t\t\t\t\t\t\t\t\t\t\t\t\t\t\t\t\t\t<\/div>\n\t\t\t\t\t\t\t\t<\/div>\n\t\t\t\t\t\t\t<\/div>\n\n\t\t\t\t\t\t\t\n\t\t\t\t\t\t<\/div>\n\t\t            <\/div>\n\n\t\t\t\t\t\t\t\t\t\n\t\t            <div class=\"bdt-width-1-1 bdt-width-1-2@s bdt-width-1-3@m\">\n\t\t\t\t\t\t<div class=\"bdt-post-grid-item bdt-transition-toggle bdt-position-relative\">\n\t\t\t\t\t\t\t\t\n\t\t\t\t\t\t\t<div class=\"bdt-post-grid-img-wrap bdt-overflow-hidden\">\n\t\t\t\t<a href=\"https:\/\/espaciolaplaza.es\/index.php\/2026\/03\/26\/el-humor-politico-llega-al-escenario-con-un-payaso-en-el-congreso-de-felisuco\/\" class=\"bdt-transition-scale-up bdt-background-cover bdt-transition-opaque bdt-flex\" title=\"El humor pol\u00edtico llega al escenario con \u201cUn payaso en el Congreso\u201d de Felisuco\" style=\"background-image: url(https:\/\/espaciolaplaza.es\/wp-content\/uploads\/2026\/03\/felisuco.jpg)\">\n  \t\t\t\t<\/a>\n\t\t\t<\/div>\n\t\t\t\t\t\t\t<div class=\"bdt-custom-overlay bdt-position-cover\"><\/div>\n\t\t\t\t\t  \t\t\n\t\t\t\t\t  \t\t<div class=\"bdt-post-grid-desc bdt-position-bottom-left\">\n\t\t\t\t\t\t  \t\t<div class=\"bdt-position-medium \">\n\t\t\t\t\t            \t\t\t\t\t\t\t\t\t\t\t<div class=\"bdt-post-grid-meta bdt-subnav bdt-flex-inline bdt-flex-middle\">\n\t\t\t\t\t\t\t\t\t\t\t\t\t\t\t\t\t\t\t\t\t\t<span class=\"bdt-post-grid-date\">26\/03\/2026<\/span>\t\t\t\t\t\t\t\t\t\t\t\t\t\t\t\t\t\t\t\t\t\t\t\t\t\t\t\t\t\t\t\t<\/div>\n\t\t\t\t\t\t\t\t\t\n\t\t\t\t\t\t\t\t\t<h2 class=\"bdt-post-grid-title bdt-post-grid-title bdt-post-grid-title bdt-post-grid-title bdt-post-grid-title\" >\n\t\t\t\t<a href=\"https:\/\/espaciolaplaza.es\/index.php\/2026\/03\/26\/el-humor-politico-llega-al-escenario-con-un-payaso-en-el-congreso-de-felisuco\/\" class=\"bdt-post-grid-link\" title=\"El humor pol\u00edtico llega al escenario con \u201cUn payaso en el Congreso\u201d de Felisuco\">\n\t\t\t\t\tEl humor pol\u00edtico llega al escenario con \u201cUn payaso en el Congreso\u201d de Felisuco\n\t\t\t\t<\/a>\n\t\t\t<\/h2>\n\t\t\t\t\t\t\t  \t\t<div class=\"bdt-transition-slide-bottom\">\n\t\t\t\t\t\t\t\t\t\t\t\t\t\t\t\t\t\t\t<\/div>\n\t\t\t\t\t\t\t\t<\/div>\n\t\t\t\t\t\t\t<\/div>\n\n\t\t\t\t\t\t\t\n\t\t\t\t\t\t<\/div>\n\t\t            <\/div>\n\n\t\t\t\t\t\t\t\t\t\n\t\t            <div class=\"bdt-width-1-1 bdt-width-1-2@s bdt-width-1-3@m\">\n\t\t\t\t\t\t<div class=\"bdt-post-grid-item bdt-transition-toggle bdt-position-relative\">\n\t\t\t\t\t\t\t\t\n\t\t\t\t\t\t\t<div class=\"bdt-post-grid-img-wrap bdt-overflow-hidden\">\n\t\t\t\t<a href=\"https:\/\/espaciolaplaza.es\/index.php\/2026\/03\/19\/filmoteca-marzo-el-nombre-de-la-rosa\/\" class=\"bdt-transition-scale-up bdt-background-cover bdt-transition-opaque bdt-flex\" title=\"Filmoteca marzo: El nombre de la rosa\" style=\"background-image: url(https:\/\/espaciolaplaza.es\/wp-content\/uploads\/2026\/03\/FILMOTECA.jpg)\">\n  \t\t\t\t<\/a>\n\t\t\t<\/div>\n\t\t\t\t\t\t\t<div class=\"bdt-custom-overlay bdt-position-cover\"><\/div>\n\t\t\t\t\t  \t\t\n\t\t\t\t\t  \t\t<div class=\"bdt-post-grid-desc bdt-position-bottom-left\">\n\t\t\t\t\t\t  \t\t<div class=\"bdt-position-medium \">\n\t\t\t\t\t            \t\t\t\t\t\t\t\t\t\t\t<div class=\"bdt-post-grid-meta bdt-subnav bdt-flex-inline bdt-flex-middle\">\n\t\t\t\t\t\t\t\t\t\t\t\t\t\t\t\t\t\t\t\t\t\t<span class=\"bdt-post-grid-date\">19\/03\/2026<\/span>\t\t\t\t\t\t\t\t\t\t\t\t\t\t\t\t\t\t\t\t\t\t\t\t\t\t\t\t\t\t\t\t<\/div>\n\t\t\t\t\t\t\t\t\t\n\t\t\t\t\t\t\t\t\t<h2 class=\"bdt-post-grid-title bdt-post-grid-title bdt-post-grid-title bdt-post-grid-title bdt-post-grid-title bdt-post-grid-title\" >\n\t\t\t\t<a href=\"https:\/\/espaciolaplaza.es\/index.php\/2026\/03\/19\/filmoteca-marzo-el-nombre-de-la-rosa\/\" class=\"bdt-post-grid-link\" title=\"Filmoteca marzo: El nombre de la rosa\">\n\t\t\t\t\tFilmoteca marzo: El nombre de la rosa\n\t\t\t\t<\/a>\n\t\t\t<\/h2>\n\t\t\t\t\t\t\t  \t\t<div class=\"bdt-transition-slide-bottom\">\n\t\t\t\t\t\t\t\t\t\t\t\t\t\t\t\t\t\t\t<\/div>\n\t\t\t\t\t\t\t\t<\/div>\n\t\t\t\t\t\t\t<\/div>\n\n\t\t\t\t\t\t\t\n\t\t\t\t\t\t<\/div>\n\t\t            <\/div>\n\n\t\t\t\t\t\t\t\t\t\n\t\t            <div class=\"bdt-width-1-1 bdt-width-1-2@s bdt-width-1-3@m\">\n\t\t\t\t\t\t<div class=\"bdt-post-grid-item bdt-transition-toggle bdt-position-relative\">\n\t\t\t\t\t\t\t\t\n\t\t\t\t\t\t\t<div class=\"bdt-post-grid-img-wrap bdt-overflow-hidden\">\n\t\t\t\t<a href=\"https:\/\/espaciolaplaza.es\/index.php\/2026\/03\/19\/cine-comercial-la-fiera\/\" class=\"bdt-transition-scale-up bdt-background-cover bdt-transition-opaque bdt-flex\" title=\"Cine comercial: La fiera\" style=\"background-image: url(https:\/\/espaciolaplaza.es\/wp-content\/uploads\/2026\/03\/CINE-COMERCIAL-1.jpg)\">\n  \t\t\t\t<\/a>\n\t\t\t<\/div>\n\t\t\t\t\t\t\t<div class=\"bdt-custom-overlay bdt-position-cover\"><\/div>\n\t\t\t\t\t  \t\t\n\t\t\t\t\t  \t\t<div class=\"bdt-post-grid-desc bdt-position-bottom-left\">\n\t\t\t\t\t\t  \t\t<div class=\"bdt-position-medium \">\n\t\t\t\t\t            \t\t\t\t\t\t\t\t\t\t\t<div class=\"bdt-post-grid-meta bdt-subnav bdt-flex-inline bdt-flex-middle\">\n\t\t\t\t\t\t\t\t\t\t\t\t\t\t\t\t\t\t\t\t\t\t<span class=\"bdt-post-grid-date\">19\/03\/2026<\/span>\t\t\t\t\t\t\t\t\t\t\t\t\t\t\t\t\t\t\t\t\t\t\t\t\t\t\t\t\t\t\t\t<\/div>\n\t\t\t\t\t\t\t\t\t\n\t\t\t\t\t\t\t\t\t<h2 class=\"bdt-post-grid-title bdt-post-grid-title bdt-post-grid-title bdt-post-grid-title bdt-post-grid-title bdt-post-grid-title bdt-post-grid-title\" >\n\t\t\t\t<a href=\"https:\/\/espaciolaplaza.es\/index.php\/2026\/03\/19\/cine-comercial-la-fiera\/\" class=\"bdt-post-grid-link\" title=\"Cine comercial: La fiera\">\n\t\t\t\t\tCine comercial: La fiera\n\t\t\t\t<\/a>\n\t\t\t<\/h2>\n\t\t\t\t\t\t\t  \t\t<div class=\"bdt-transition-slide-bottom\">\n\t\t\t\t\t\t\t\t\t\t\t\t\t\t\t\t\t\t\t<\/div>\n\t\t\t\t\t\t\t\t<\/div>\n\t\t\t\t\t\t\t<\/div>\n\n\t\t\t\t\t\t\t\n\t\t\t\t\t\t<\/div>\n\t\t            <\/div>\n\n\t\t\t\t\t\t\t\t\t\n\t\t            <div class=\"bdt-width-1-1 bdt-width-1-2@s bdt-width-1-3@m\">\n\t\t\t\t\t\t<div class=\"bdt-post-grid-item bdt-transition-toggle bdt-position-relative\">\n\t\t\t\t\t\t\t\t\n\t\t\t\t\t\t\t<div class=\"bdt-post-grid-img-wrap bdt-overflow-hidden\">\n\t\t\t\t<a href=\"https:\/\/espaciolaplaza.es\/index.php\/2026\/03\/12\/cine-comercial-cumbres-borrascosas-2\/\" class=\"bdt-transition-scale-up bdt-background-cover bdt-transition-opaque bdt-flex\" title=\"Cine comercial: Como cabras\" style=\"background-image: url(https:\/\/espaciolaplaza.es\/wp-content\/uploads\/2026\/03\/Cine-comercial.jpg)\">\n  \t\t\t\t<\/a>\n\t\t\t<\/div>\n\t\t\t\t\t\t\t<div class=\"bdt-custom-overlay bdt-position-cover\"><\/div>\n\t\t\t\t\t  \t\t\n\t\t\t\t\t  \t\t<div class=\"bdt-post-grid-desc bdt-position-bottom-left\">\n\t\t\t\t\t\t  \t\t<div class=\"bdt-position-medium \">\n\t\t\t\t\t            \t\t\t\t\t\t\t\t\t\t\t<div class=\"bdt-post-grid-meta bdt-subnav bdt-flex-inline bdt-flex-middle\">\n\t\t\t\t\t\t\t\t\t\t\t\t\t\t\t\t\t\t\t\t\t\t<span class=\"bdt-post-grid-date\">12\/03\/2026<\/span>\t\t\t\t\t\t\t\t\t\t\t\t\t\t\t\t\t\t\t\t\t\t\t\t\t\t\t\t\t\t\t\t<\/div>\n\t\t\t\t\t\t\t\t\t\n\t\t\t\t\t\t\t\t\t<h2 class=\"bdt-post-grid-title bdt-post-grid-title bdt-post-grid-title bdt-post-grid-title bdt-post-grid-title bdt-post-grid-title bdt-post-grid-title bdt-post-grid-title\" >\n\t\t\t\t<a href=\"https:\/\/espaciolaplaza.es\/index.php\/2026\/03\/12\/cine-comercial-cumbres-borrascosas-2\/\" class=\"bdt-post-grid-link\" title=\"Cine comercial: Como cabras\">\n\t\t\t\t\tCine comercial: Como cabras\n\t\t\t\t<\/a>\n\t\t\t<\/h2>\n\t\t\t\t\t\t\t  \t\t<div class=\"bdt-transition-slide-bottom\">\n\t\t\t\t\t\t\t\t\t\t\t\t\t\t\t\t\t\t\t<\/div>\n\t\t\t\t\t\t\t\t<\/div>\n\t\t\t\t\t\t\t<\/div>\n\n\t\t\t\t\t\t\t\n\t\t\t\t\t\t<\/div>\n\t\t            <\/div>\n\n\t\t\t\t\t\t\t\t\t\n\t\t            <div class=\"bdt-width-1-1 bdt-width-1-2@s bdt-width-1-3@m\">\n\t\t\t\t\t\t<div class=\"bdt-post-grid-item bdt-transition-toggle bdt-position-relative\">\n\t\t\t\t\t\t\t\t\n\t\t\t\t\t\t\t<div class=\"bdt-post-grid-img-wrap bdt-overflow-hidden\">\n\t\t\t\t<a href=\"https:\/\/espaciolaplaza.es\/index.php\/2026\/02\/27\/divinas-palabras-llega-al-teatro-municipal-de-los-corrales-de-buelna\/\" class=\"bdt-transition-scale-up bdt-background-cover bdt-transition-opaque bdt-flex\" title=\"\u201cDivinas Palabras\u201d llega al Teatro Municipal de Los Corrales de Buelna\" style=\"background-image: url(https:\/\/espaciolaplaza.es\/wp-content\/uploads\/2026\/02\/divinas-palabras.jpg)\">\n  \t\t\t\t<\/a>\n\t\t\t<\/div>\n\t\t\t\t\t\t\t<div class=\"bdt-custom-overlay bdt-position-cover\"><\/div>\n\t\t\t\t\t  \t\t\n\t\t\t\t\t  \t\t<div class=\"bdt-post-grid-desc bdt-position-bottom-left\">\n\t\t\t\t\t\t  \t\t<div class=\"bdt-position-medium \">\n\t\t\t\t\t            \t\t\t\t\t\t\t\t\t\t\t<div class=\"bdt-post-grid-meta bdt-subnav bdt-flex-inline bdt-flex-middle\">\n\t\t\t\t\t\t\t\t\t\t\t\t\t\t\t\t\t\t\t\t\t\t<span class=\"bdt-post-grid-date\">27\/02\/2026<\/span>\t\t\t\t\t\t\t\t\t\t\t\t\t\t\t\t\t\t\t\t\t\t\t\t\t\t\t\t\t\t\t\t<\/div>\n\t\t\t\t\t\t\t\t\t\n\t\t\t\t\t\t\t\t\t<h2 class=\"bdt-post-grid-title bdt-post-grid-title bdt-post-grid-title bdt-post-grid-title bdt-post-grid-title bdt-post-grid-title bdt-post-grid-title bdt-post-grid-title bdt-post-grid-title\" >\n\t\t\t\t<a href=\"https:\/\/espaciolaplaza.es\/index.php\/2026\/02\/27\/divinas-palabras-llega-al-teatro-municipal-de-los-corrales-de-buelna\/\" class=\"bdt-post-grid-link\" title=\"\u201cDivinas Palabras\u201d llega al Teatro Municipal de Los Corrales de Buelna\">\n\t\t\t\t\t\u201cDivinas Palabras\u201d llega al Teatro Municipal de Los Corrales de Buelna\n\t\t\t\t<\/a>\n\t\t\t<\/h2>\n\t\t\t\t\t\t\t  \t\t<div class=\"bdt-transition-slide-bottom\">\n\t\t\t\t\t\t\t\t\t\t\t\t\t\t\t\t\t\t\t<\/div>\n\t\t\t\t\t\t\t\t<\/div>\n\t\t\t\t\t\t\t<\/div>\n\n\t\t\t\t\t\t\t\n\t\t\t\t\t\t<\/div>\n\t\t            <\/div>\n\n\t\t\t\t\t\t\t<\/div>\n\t\t<\/div>\n\t\n \t\t\t\t\t<div class=\"ep-pagination\">\n\t\t\t\t<ul class=\"bdt-pagination bdt-flex-center\">\n<li class=\"bdt-active\"><a href=\"https:\/\/espaciolaplaza.es\/index.php\/wp-json\/wp\/v2\/pages\/3585\">1<\/a><\/li>\n<li><a href=\"https:\/\/espaciolaplaza.es\/index.php\/wp-json\/wp\/v2\/pages\/3585\/page\/2\/\">2<\/a><\/li>\n<li><a href=\"https:\/\/espaciolaplaza.es\/index.php\/wp-json\/wp\/v2\/pages\/3585\/page\/3\/\">3<\/a><\/li>\n<li class=\"bdt-pagination-dot-dot\"><span>...<\/span><\/li>\n<li><a href=\"https:\/\/espaciolaplaza.es\/index.php\/wp-json\/wp\/v2\/pages\/3585\/page\/11\/\">11<\/a><\/li>\n<\/ul>\n\t\t\t<\/div>\n\t\t\t\t\t<\/div>\n\t\t\t\t<\/div>\n\t\t\t\t\t<\/div>\n\t\t<\/div>\n\t\t\t\t\t\t\t<\/div>\n\t\t<\/section>\n\t\t\t\t\t\t\t<\/div>\n\t\t","protected":false},"excerpt":{"rendered":"<p>09\/09\/2024 Ya est\u00e1 aqu\u00ed &#8216;Oto\u00f1o cultural&#8217; 08\/05\/2024 Cine filmoteca &#8216;As bestas&#8217; 08\/05\/2024 Teatro `El enfermo imaginario\u00b4 de Moli\u00e8re 29\/04\/2024 Cine Filmoteca. &#8216;Saint Omer, el pueblo contra Laurence Coly&#8217; 03\/04\/2024 Proyecci\u00f3n &#8216;En la l\u00ednea del horizonte&#8217;. Cine Filmoteca 18\/03\/2024 Proyecci\u00f3n &#8216;Aguas tranquilas&#8217; 19\/02\/2024 Proyecci\u00f3n de &#8216;El lugar de las Fresas&#8217; 11\/12\/2023 Programaci\u00f3n Navidad: Teatro Infantil 30\/11\/2023 [&hellip;]<\/p>\n","protected":false},"author":1,"featured_media":0,"parent":0,"menu_order":0,"comment_status":"closed","ping_status":"closed","template":"elementor_header_footer","meta":{"footnotes":""},"_links":{"self":[{"href":"https:\/\/espaciolaplaza.es\/index.php\/wp-json\/wp\/v2\/pages\/3585"}],"collection":[{"href":"https:\/\/espaciolaplaza.es\/index.php\/wp-json\/wp\/v2\/pages"}],"about":[{"href":"https:\/\/espaciolaplaza.es\/index.php\/wp-json\/wp\/v2\/types\/page"}],"author":[{"embeddable":true,"href":"https:\/\/espaciolaplaza.es\/index.php\/wp-json\/wp\/v2\/users\/1"}],"replies":[{"embeddable":true,"href":"https:\/\/espaciolaplaza.es\/index.php\/wp-json\/wp\/v2\/comments?post=3585"}],"version-history":[{"count":37,"href":"https:\/\/espaciolaplaza.es\/index.php\/wp-json\/wp\/v2\/pages\/3585\/revisions"}],"predecessor-version":[{"id":3641,"href":"https:\/\/espaciolaplaza.es\/index.php\/wp-json\/wp\/v2\/pages\/3585\/revisions\/3641"}],"wp:attachment":[{"href":"https:\/\/espaciolaplaza.es\/index.php\/wp-json\/wp\/v2\/media?parent=3585"}],"curies":[{"name":"wp","href":"https:\/\/api.w.org\/{rel}","templated":true}]}}